{"id":7511,"date":"2024-08-08T13:19:08","date_gmt":"2024-08-08T13:19:08","guid":{"rendered":"https:\/\/manazinteriors.com\/?page_id=7511"},"modified":"2024-08-23T11:09:36","modified_gmt":"2024-08-23T11:09:36","slug":"press-awards","status":"publish","type":"page","link":"https:\/\/manazinteriors.com\/tr\/press-awards\/","title":{"rendered":"Bas\u0131n | \u00d6d\u00fcller"},"content":{"rendered":"\t\t<div data-elementor-type=\"wp-page\" data-elementor-id=\"7511\" class=\"elementor elementor-7511\">\n\t\t\t\t<div class=\"elementor-element elementor-element-e785e45 e-con-full e-flex e-con e-parent\" data-id=\"e785e45\" data-element_type=\"container\" data-e-type=\"container\">\n\t\t\t\t<div class=\"elementor-element elementor-element-23ecbbe elementor-widget__width-inherit elementor-widget elementor-widget-fonster_core_portfolio_list\" data-id=\"23ecbbe\" data-element_type=\"widget\" data-e-type=\"widget\" data-widget_type=\"fonster_core_portfolio_list.default\">\n\t\t\t\t<div class=\"elementor-widget-container\">\n\t\t\t\t\t<div class=\"qodef-shortcode qodef-m  qodef-portfolio-list qodef-item-layout--info-on-image  qodef-grid qodef-layout--masonry  qodef-gutter--normal qodef-col-num--2 qodef-item-layout--info-on-image qodef--no-bottom-space qodef-pagination--off qodef-responsive--predefined qodef-item-layout--pattern\" data-options=\"{&quot;plugin&quot;:&quot;fonster_core&quot;,&quot;module&quot;:&quot;post-types\\\/portfolio\\\/shortcodes&quot;,&quot;shortcode&quot;:&quot;portfolio-list&quot;,&quot;post_type&quot;:&quot;portfolio-item&quot;,&quot;next_page&quot;:&quot;2&quot;,&quot;custom_floating&quot;:&quot;no&quot;,&quot;behavior&quot;:&quot;masonry&quot;,&quot;columns&quot;:&quot;2&quot;,&quot;columns_responsive&quot;:&quot;predefined&quot;,&quot;space&quot;:&quot;normal&quot;,&quot;posts_per_page&quot;:&quot;-1&quot;,&quot;orderby&quot;:&quot;date&quot;,&quot;order&quot;:&quot;ASC&quot;,&quot;additional_params&quot;:&quot;tax&quot;,&quot;tax&quot;:&quot;portfolio-tag&quot;,&quot;tax_slug&quot;:&quot;pressnawards&quot;,&quot;layout&quot;:&quot;info-on-image&quot;,&quot;hover_animation_info-below-fixed&quot;:&quot;overlay&quot;,&quot;hover_animation_info-below&quot;:&quot;overlay&quot;,&quot;hover_animation_info-follow&quot;:&quot;follow&quot;,&quot;hover_animation_info-on-hover-boxed&quot;:&quot;fade-in&quot;,&quot;hover_animation_info-on-hover&quot;:&quot;fade-in&quot;,&quot;title_tag&quot;:&quot;h3&quot;,&quot;custom_padding&quot;:&quot;no&quot;,&quot;custom_layout&quot;:&quot;yes&quot;,&quot;enable_filter&quot;:&quot;no&quot;,&quot;pagination_type&quot;:&quot;no-pagination&quot;,&quot;object_class_name&quot;:&quot;FonsterCore_Portfolio_List_Shortcode&quot;,&quot;taxonomy_filter&quot;:&quot;portfolio-tag&quot;,&quot;additional_query_args&quot;:{&quot;tax_query&quot;:[{&quot;taxonomy&quot;:&quot;portfolio-tag&quot;,&quot;field&quot;:&quot;slug&quot;,&quot;terms&quot;:&quot;pressnawards&quot;}]},&quot;space_value&quot;:15}\">\n\t\t<div class=\"qodef-grid-inner clear\">\n\t\t\t<div class=\"qodef-grid-masonry-sizer\"><\/div>\n\t<div class=\"qodef-grid-masonry-gutter\"><\/div>\n<article class=\"qodef-e qodef-grid-item post-7537 portfolio-item type-portfolio-item status-publish has-post-thumbnail hentry portfolio-category-press-awards portfolio-tag-pressnawards\">\n\t<div class=\"qodef-e-inner\" >\n\t\t\t<div class=\"qodef-e-media-image qodef--background\" style=\"background-image: url( https:\/\/manazinteriors.com\/wp-content\/uploads\/2024\/08\/02.jpg)\">\n\t\t<img fetchpriority=\"high\" decoding=\"async\" width=\"730\" height=\"1017\" src=\"https:\/\/manazinteriors.com\/wp-content\/uploads\/2024\/08\/02.jpg\" class=\"attachment-full size-full wp-post-image\" alt=\"\" srcset=\"https:\/\/manazinteriors.com\/wp-content\/uploads\/2024\/08\/02.jpg 730w, https:\/\/manazinteriors.com\/wp-content\/uploads\/2024\/08\/02-215x300.jpg 215w, https:\/\/manazinteriors.com\/wp-content\/uploads\/2024\/08\/02-9x12.jpg 9w\" sizes=\"(max-width: 730px) 100vw, 730px\" \/>\t<\/div>\n\t\t<div class=\"qodef-e-content\">\n\t\t\t<div class=\"qodef-e-top-holder\">\n\t\t\t\t<div class=\"qodef-e-info\">\n\t\t\t\t\t\t<a href=\"https:\/\/manazinteriors.com\/tr\/portfolio-category\/press-awards\/\" rel=\"tag\">Press &amp; Awards<\/a>\t<div class=\"qodef-info-separator-end\"><\/div>\n\t\t\t\t<\/div>\n\t\t\t<\/div>\n\t\t\t<div class=\"qodef-e-text\">\n\t\t\t\t<h3 itemprop=\"name\" class=\"qodef-e-title entry-title\" >\n\t<a itemprop=\"url\" class=\"qodef-e-title-link\" href=\"https:\/\/manazinteriors.com\/tr\/portfolio-item\/awards\/\">\n\t\tAwards\t<\/a>\n<\/h3>\n\t\t\t<\/div>\n\t\t<\/div>\n\t\t<a itemprop=\"url\" class=\"qodef-e-post-link\" href=\"https:\/\/manazinteriors.com\/tr\/portfolio-item\/awards\/\"><\/a>\t<\/div>\n<\/article>\n<article class=\"qodef-e qodef-grid-item post-191 portfolio-item type-portfolio-item status-publish has-post-thumbnail hentry portfolio-category-press-awards portfolio-tag-pressnawards\">\n\t<div class=\"qodef-e-inner\" >\n\t\t\t<div class=\"qodef-e-media-image qodef--background\" style=\"background-image: url( https:\/\/manazinteriors.com\/wp-content\/uploads\/2024\/08\/Maison_Fixed-Size.jpg)\">\n\t\t<img decoding=\"async\" width=\"730\" height=\"1017\" src=\"https:\/\/manazinteriors.com\/wp-content\/uploads\/2024\/08\/Maison_Fixed-Size.jpg\" class=\"attachment-full size-full wp-post-image\" alt=\"\" srcset=\"https:\/\/manazinteriors.com\/wp-content\/uploads\/2024\/08\/Maison_Fixed-Size.jpg 730w, https:\/\/manazinteriors.com\/wp-content\/uploads\/2024\/08\/Maison_Fixed-Size-215x300.jpg 215w, https:\/\/manazinteriors.com\/wp-content\/uploads\/2024\/08\/Maison_Fixed-Size-9x12.jpg 9w\" sizes=\"(max-width: 730px) 100vw, 730px\" \/>\t<\/div>\n\t\t<div class=\"qodef-e-content\">\n\t\t\t<div class=\"qodef-e-top-holder\">\n\t\t\t\t<div class=\"qodef-e-info\">\n\t\t\t\t\t\t<a href=\"https:\/\/manazinteriors.com\/tr\/portfolio-category\/press-awards\/\" rel=\"tag\">Press &amp; Awards<\/a>\t<div class=\"qodef-info-separator-end\"><\/div>\n\t\t\t\t<\/div>\n\t\t\t<\/div>\n\t\t\t<div class=\"qodef-e-text\">\n\t\t\t\t<h3 itemprop=\"name\" class=\"qodef-e-title entry-title\" >\n\t<a itemprop=\"url\" class=\"qodef-e-title-link\" href=\"https:\/\/manazinteriors.com\/tr\/portfolio-item\/press\/\">\n\t\tPress\t<\/a>\n<\/h3>\n\t\t\t<\/div>\n\t\t<\/div>\n\t\t<a itemprop=\"url\" class=\"qodef-e-post-link\" href=\"https:\/\/manazinteriors.com\/tr\/portfolio-item\/press\/\"><\/a>\t<\/div>\n<\/article>\n\t<\/div>\n\t<\/div>\n\t\t\t\t<\/div>\n\t\t\t\t<\/div>\n\t\t\t\t<\/div>\n\t\t\t\t<\/div>\n\t\t","protected":false},"excerpt":{"rendered":"<p>Press &amp; Awards Press Press &amp; Awards Awards<\/p>","protected":false},"author":1,"featured_media":0,"parent":0,"menu_order":0,"comment_status":"closed","ping_status":"closed","template":"","meta":{"_coblocks_attr":"","_coblocks_dimensions":"","_coblocks_responsive_height":"","_coblocks_accordion_ie_support":"","footnotes":""},"class_list":["post-7511","page","type-page","status-publish","hentry"],"yoast_head":"<!-- This site is optimized with the Yoast SEO plugin v27.5 - https:\/\/yoast.com\/product\/yoast-seo-wordpress\/ -->\n<title>Press | Awards | Manaz Interiors<\/title>\n<meta name=\"robots\" content=\"noindex, follow\" \/>\n<meta property=\"og:locale\" content=\"tr_TR\" \/>\n<meta property=\"og:type\" content=\"article\" \/>\n<meta property=\"og:title\" content=\"Press | Awards | Manaz Interiors\" \/>\n<meta property=\"og:description\" content=\"Press &amp; Awards Press Press &amp; Awards Awards\" \/>\n<meta property=\"og:url\" content=\"https:\/\/manazinteriors.com\/tr\/press-awards\/\" \/>\n<meta property=\"og:site_name\" content=\"Manaz Interiors\" \/>\n<meta property=\"article:modified_time\" content=\"2024-08-23T11:09:36+00:00\" \/>\n<meta property=\"og:image\" content=\"https:\/\/manazinteriors.com\/wp-content\/uploads\/2021\/04\/H2-list-10.jpg\" \/>\n<meta name=\"twitter:card\" content=\"summary_large_image\" \/>\n<script type=\"application\/ld+json\" class=\"yoast-schema-graph\">{\"@context\":\"https:\\\/\\\/schema.org\",\"@graph\":[{\"@type\":\"WebPage\",\"@id\":\"https:\\\/\\\/manazinteriors.com\\\/press-awards\\\/\",\"url\":\"https:\\\/\\\/manazinteriors.com\\\/press-awards\\\/\",\"name\":\"Press | Awards | Manaz Interiors\",\"isPartOf\":{\"@id\":\"https:\\\/\\\/manazinteriors.com\\\/#website\"},\"primaryImageOfPage\":{\"@id\":\"https:\\\/\\\/manazinteriors.com\\\/press-awards\\\/#primaryimage\"},\"image\":{\"@id\":\"https:\\\/\\\/manazinteriors.com\\\/press-awards\\\/#primaryimage\"},\"thumbnailUrl\":\"https:\\\/\\\/manazinteriors.com\\\/wp-content\\\/uploads\\\/2021\\\/04\\\/H2-list-10.jpg\",\"datePublished\":\"2024-08-08T13:19:08+00:00\",\"dateModified\":\"2024-08-23T11:09:36+00:00\",\"breadcrumb\":{\"@id\":\"https:\\\/\\\/manazinteriors.com\\\/press-awards\\\/#breadcrumb\"},\"inLanguage\":\"tr\",\"potentialAction\":[{\"@type\":\"ReadAction\",\"target\":[\"https:\\\/\\\/manazinteriors.com\\\/press-awards\\\/\"]}]},{\"@type\":\"ImageObject\",\"inLanguage\":\"tr\",\"@id\":\"https:\\\/\\\/manazinteriors.com\\\/press-awards\\\/#primaryimage\",\"url\":\"https:\\\/\\\/manazinteriors.com\\\/wp-content\\\/uploads\\\/2021\\\/04\\\/H2-list-10.jpg\",\"contentUrl\":\"https:\\\/\\\/manazinteriors.com\\\/wp-content\\\/uploads\\\/2021\\\/04\\\/H2-list-10.jpg\"},{\"@type\":\"BreadcrumbList\",\"@id\":\"https:\\\/\\\/manazinteriors.com\\\/press-awards\\\/#breadcrumb\",\"itemListElement\":[{\"@type\":\"ListItem\",\"position\":1,\"name\":\"Anasayfa\",\"item\":\"https:\\\/\\\/manazinteriors.com\\\/\"},{\"@type\":\"ListItem\",\"position\":2,\"name\":\"Press | Awards\"}]},{\"@type\":\"WebSite\",\"@id\":\"https:\\\/\\\/manazinteriors.com\\\/#website\",\"url\":\"https:\\\/\\\/manazinteriors.com\\\/\",\"name\":\"Manaz Interiors\",\"description\":\"\",\"publisher\":{\"@id\":\"https:\\\/\\\/manazinteriors.com\\\/#organization\"},\"potentialAction\":[{\"@type\":\"SearchAction\",\"target\":{\"@type\":\"EntryPoint\",\"urlTemplate\":\"https:\\\/\\\/manazinteriors.com\\\/?s={search_term_string}\"},\"query-input\":{\"@type\":\"PropertyValueSpecification\",\"valueRequired\":true,\"valueName\":\"search_term_string\"}}],\"inLanguage\":\"tr\"},{\"@type\":\"Organization\",\"@id\":\"https:\\\/\\\/manazinteriors.com\\\/#organization\",\"name\":\"Manaz Interiors\",\"url\":\"https:\\\/\\\/manazinteriors.com\\\/\",\"logo\":{\"@type\":\"ImageObject\",\"inLanguage\":\"tr\",\"@id\":\"https:\\\/\\\/manazinteriors.com\\\/#\\\/schema\\\/logo\\\/image\\\/\",\"url\":\"https:\\\/\\\/manazinteriors.com\\\/wp-content\\\/uploads\\\/2024\\\/08\\\/logo_SVGDENEME-696x696-1.jpg\",\"contentUrl\":\"https:\\\/\\\/manazinteriors.com\\\/wp-content\\\/uploads\\\/2024\\\/08\\\/logo_SVGDENEME-696x696-1.jpg\",\"width\":612,\"height\":612,\"caption\":\"Manaz Interiors\"},\"image\":{\"@id\":\"https:\\\/\\\/manazinteriors.com\\\/#\\\/schema\\\/logo\\\/image\\\/\"},\"sameAs\":[\"https:\\\/\\\/www.instagram.com\\\/manazinteriors\\\/\",\"https:\\\/\\\/www.behance.net\\\/manazinteriors\",\"https:\\\/\\\/www.linkedin.com\\\/company\\\/manaz-interiors\\\/\"]}]}<\/script>\n<!-- \/ Yoast SEO plugin. -->","yoast_head_json":{"title":"Press | Awards | Manaz Interiors","robots":{"index":"noindex","follow":"follow"},"og_locale":"tr_TR","og_type":"article","og_title":"Press | Awards | Manaz Interiors","og_description":"Press &amp; Awards Press Press &amp; Awards Awards","og_url":"https:\/\/manazinteriors.com\/tr\/press-awards\/","og_site_name":"Manaz Interiors","article_modified_time":"2024-08-23T11:09:36+00:00","og_image":[{"url":"https:\/\/manazinteriors.com\/wp-content\/uploads\/2021\/04\/H2-list-10.jpg","type":"","width":"","height":""}],"twitter_card":"summary_large_image","schema":{"@context":"https:\/\/schema.org","@graph":[{"@type":"WebPage","@id":"https:\/\/manazinteriors.com\/press-awards\/","url":"https:\/\/manazinteriors.com\/press-awards\/","name":"Press | Awards | Manaz Interiors","isPartOf":{"@id":"https:\/\/manazinteriors.com\/#website"},"primaryImageOfPage":{"@id":"https:\/\/manazinteriors.com\/press-awards\/#primaryimage"},"image":{"@id":"https:\/\/manazinteriors.com\/press-awards\/#primaryimage"},"thumbnailUrl":"https:\/\/manazinteriors.com\/wp-content\/uploads\/2021\/04\/H2-list-10.jpg","datePublished":"2024-08-08T13:19:08+00:00","dateModified":"2024-08-23T11:09:36+00:00","breadcrumb":{"@id":"https:\/\/manazinteriors.com\/press-awards\/#breadcrumb"},"inLanguage":"tr","potentialAction":[{"@type":"ReadAction","target":["https:\/\/manazinteriors.com\/press-awards\/"]}]},{"@type":"ImageObject","inLanguage":"tr","@id":"https:\/\/manazinteriors.com\/press-awards\/#primaryimage","url":"https:\/\/manazinteriors.com\/wp-content\/uploads\/2021\/04\/H2-list-10.jpg","contentUrl":"https:\/\/manazinteriors.com\/wp-content\/uploads\/2021\/04\/H2-list-10.jpg"},{"@type":"BreadcrumbList","@id":"https:\/\/manazinteriors.com\/press-awards\/#breadcrumb","itemListElement":[{"@type":"ListItem","position":1,"name":"Anasayfa","item":"https:\/\/manazinteriors.com\/"},{"@type":"ListItem","position":2,"name":"Press | Awards"}]},{"@type":"WebSite","@id":"https:\/\/manazinteriors.com\/#website","url":"https:\/\/manazinteriors.com\/","name":"Manaz Interiors","description":"","publisher":{"@id":"https:\/\/manazinteriors.com\/#organization"},"potentialAction":[{"@type":"SearchAction","target":{"@type":"EntryPoint","urlTemplate":"https:\/\/manazinteriors.com\/?s={search_term_string}"},"query-input":{"@type":"PropertyValueSpecification","valueRequired":true,"valueName":"search_term_string"}}],"inLanguage":"tr"},{"@type":"Organization","@id":"https:\/\/manazinteriors.com\/#organization","name":"Manaz Interiors","url":"https:\/\/manazinteriors.com\/","logo":{"@type":"ImageObject","inLanguage":"tr","@id":"https:\/\/manazinteriors.com\/#\/schema\/logo\/image\/","url":"https:\/\/manazinteriors.com\/wp-content\/uploads\/2024\/08\/logo_SVGDENEME-696x696-1.jpg","contentUrl":"https:\/\/manazinteriors.com\/wp-content\/uploads\/2024\/08\/logo_SVGDENEME-696x696-1.jpg","width":612,"height":612,"caption":"Manaz Interiors"},"image":{"@id":"https:\/\/manazinteriors.com\/#\/schema\/logo\/image\/"},"sameAs":["https:\/\/www.instagram.com\/manazinteriors\/","https:\/\/www.behance.net\/manazinteriors","https:\/\/www.linkedin.com\/company\/manaz-interiors\/"]}]}},"_links":{"self":[{"href":"https:\/\/manazinteriors.com\/tr\/wp-json\/wp\/v2\/pages\/7511","targetHints":{"allow":["GET"]}}],"collection":[{"href":"https:\/\/manazinteriors.com\/tr\/wp-json\/wp\/v2\/pages"}],"about":[{"href":"https:\/\/manazinteriors.com\/tr\/wp-json\/wp\/v2\/types\/page"}],"author":[{"embeddable":true,"href":"https:\/\/manazinteriors.com\/tr\/wp-json\/wp\/v2\/users\/1"}],"replies":[{"embeddable":true,"href":"https:\/\/manazinteriors.com\/tr\/wp-json\/wp\/v2\/comments?post=7511"}],"version-history":[{"count":25,"href":"https:\/\/manazinteriors.com\/tr\/wp-json\/wp\/v2\/pages\/7511\/revisions"}],"predecessor-version":[{"id":7972,"href":"https:\/\/manazinteriors.com\/tr\/wp-json\/wp\/v2\/pages\/7511\/revisions\/7972"}],"wp:attachment":[{"href":"https:\/\/manazinteriors.com\/tr\/wp-json\/wp\/v2\/media?parent=7511"}],"curies":[{"name":"wp","href":"https:\/\/api.w.org\/{rel}","templated":true}]}}