{"id":7293,"date":"2021-04-13T11:59:57","date_gmt":"2021-04-13T11:59:57","guid":{"rendered":"https:\/\/fonster.qodeinteractive.com\/?page_id=2657"},"modified":"2025-07-29T13:47:07","modified_gmt":"2025-07-29T13:47:07","slug":"contact-us","status":"publish","type":"page","link":"https:\/\/manazinteriors.com\/tr\/contact-us\/","title":{"rendered":"Contact us"},"content":{"rendered":"\t\t<div data-elementor-type=\"wp-page\" data-elementor-id=\"7293\" class=\"elementor elementor-7293\">\n\t\t\t\t\t\t<section class=\"elementor-section elementor-top-section elementor-element elementor-element-8886593 qodef-elementor-content-grid elementor-section-boxed elementor-section-height-default elementor-section-height-default\" data-id=\"8886593\" data-element_type=\"section\" data-e-type=\"section\">\n\t\t\t\t\t\t<div class=\"elementor-container elementor-column-gap-default\">\n\t\t\t\t\t<div class=\"elementor-column elementor-col-100 elementor-top-column elementor-element elementor-element-4328324\" data-id=\"4328324\" data-element_type=\"column\" data-e-type=\"column\">\n\t\t\t<div class=\"elementor-widget-wrap elementor-element-populated\">\n\t\t\t\t\t\t<div class=\"elementor-element elementor-element-74817df elementor-widget elementor-widget-fonster_core_google_map\" data-id=\"74817df\" data-element_type=\"widget\" data-e-type=\"widget\" data-widget_type=\"fonster_core_google_map.default\">\n\t\t\t\t<div class=\"elementor-widget-container\">\n\t\t\t\t\t<div class=\"qodef-shortcode qodef-m  qodef-google-map\">\n\t<div class=\"qodef-m-map\" id=\"qodef-map-id--262\" data-addresses='[\"Rue de Landonvillers\"]' data-pin=https:\/\/manazinteriors.com\/wp-content\/uploads\/2021\/04\/pin.png data-unique-id=262 data-height=411><\/div>\n<\/div>\n\t\t\t\t<\/div>\n\t\t\t\t<\/div>\n\t\t\t\t<div class=\"elementor-element elementor-element-d0601e3 elementor-widget elementor-widget-fonster_core_section_title\" data-id=\"d0601e3\" data-element_type=\"widget\" data-e-type=\"widget\" data-widget_type=\"fonster_core_section_title.default\">\n\t\t\t\t<div class=\"elementor-widget-container\">\n\t\t\t\t\t<div class=\"qodef-shortcode qodef-m  qodef-section-title qodef-alignment--left \">\n\t\t<span class=\"qodef-m-tagline\" >WELCOME<\/span>\n\t\t<h1 class=\"qodef-m-title\" >\n\t\t\t\t\tGet \u0131n touch &amp; let's make someth\u0131ng awesome together\t\t\t<\/h1>\n\t<\/div>\n\t\t\t\t<\/div>\n\t\t\t\t<\/div>\n\t\t\t\t\t<\/div>\n\t\t<\/div>\n\t\t\t\t\t<\/div>\n\t\t<\/section>\n\t\t\t\t<section class=\"elementor-section elementor-top-section elementor-element elementor-element-e5ec085 qodef-elementor-content-grid elementor-section-boxed elementor-section-height-default elementor-section-height-default\" data-id=\"e5ec085\" data-element_type=\"section\" data-e-type=\"section\">\n\t\t\t\t\t\t<div class=\"elementor-container elementor-column-gap-default\">\n\t\t\t\t\t<div class=\"elementor-column elementor-col-100 elementor-top-column elementor-element elementor-element-cbfe34c\" data-id=\"cbfe34c\" data-element_type=\"column\" data-e-type=\"column\">\n\t\t\t<div class=\"elementor-widget-wrap\">\n\t\t\t\t\t\t\t<\/div>\n\t\t<\/div>\n\t\t\t\t\t<\/div>\n\t\t<\/section>\n\t\t\t\t<section class=\"elementor-section elementor-top-section elementor-element elementor-element-ad5c35d qodef-elementor-content-grid elementor-section-boxed elementor-section-height-default elementor-section-height-default\" data-id=\"ad5c35d\" data-element_type=\"section\" data-e-type=\"section\">\n\t\t\t\t\t\t<div class=\"elementor-container elementor-column-gap-default\">\n\t\t\t\t\t<div class=\"elementor-column elementor-col-50 elementor-top-column elementor-element elementor-element-aa6e143\" data-id=\"aa6e143\" data-element_type=\"column\" data-e-type=\"column\">\n\t\t\t<div class=\"elementor-widget-wrap elementor-element-populated\">\n\t\t\t\t\t\t<div class=\"elementor-element elementor-element-86d8d89 elementor-widget elementor-widget-fonster_core_section_title\" data-id=\"86d8d89\" data-element_type=\"widget\" data-e-type=\"widget\" data-widget_type=\"fonster_core_section_title.default\">\n\t\t\t\t<div class=\"elementor-widget-container\">\n\t\t\t\t\t<div class=\"qodef-shortcode qodef-m  qodef-section-title qodef-alignment--left \">\n\t\t\t<h2 class=\"qodef-m-title\" >\n\t\t\t\t\tsend us a message\t\t\t<\/h2>\n\t\t<p class=\"qodef-m-text\" style=\"margin-top: 0px\">Let&#039;s bring your vision to life\u2014reach out to us for a personalized consultation.<\/p>\n<\/div>\n\t\t\t\t<\/div>\n\t\t\t\t<\/div>\n\t\t\t\t<div class=\"elementor-element elementor-element-52d21c6 elementor-widget__width-initial elementor-widget-mobile__width-inherit elementor-widget elementor-widget-wp-widget-fonster_core_contact_form_7\" data-id=\"52d21c6\" data-element_type=\"widget\" data-e-type=\"widget\" data-widget_type=\"wp-widget-fonster_core_contact_form_7.default\">\n\t\t\t\t<div class=\"elementor-widget-container\">\n\t\t\t\t\t\t\t\t<div class=\"qodef-contact-form-7\">\n\t\t\t\t\n<div class=\"wpcf7 no-js\" id=\"wpcf7-f587-o1\" lang=\"en-US\" dir=\"ltr\" data-wpcf7-id=\"587\">\n<div class=\"screen-reader-response\"><p role=\"status\" aria-live=\"polite\" aria-atomic=\"true\"><\/p> <ul><\/ul><\/div>\n<form action=\"\/tr\/wp-json\/wp\/v2\/pages\/7293#wpcf7-f587-o1\" method=\"post\" class=\"wpcf7-form init\" aria-label=\"Contact form\" novalidate=\"novalidate\" data-status=\"init\">\n<fieldset class=\"hidden-fields-container\"><input type=\"hidden\" name=\"_wpcf7\" value=\"587\" \/><input type=\"hidden\" name=\"_wpcf7_version\" value=\"6.1.5\" \/><input type=\"hidden\" name=\"_wpcf7_locale\" value=\"en_US\" \/><input type=\"hidden\" name=\"_wpcf7_unit_tag\" value=\"wpcf7-f587-o1\" \/><input type=\"hidden\" name=\"_wpcf7_container_post\" value=\"0\" \/><input type=\"hidden\" name=\"_wpcf7_posted_data_hash\" value=\"\" \/>\n<\/fieldset>\n<div class=\"qodef-contact-us-form\"><span class=\"wpcf7-form-control-wrap\" data-name=\"your-message\"><textarea cols=\"40\" rows=\"7\" maxlength=\"2000\" class=\"wpcf7-form-control wpcf7-textarea\" aria-invalid=\"false\" name=\"your-message\"><\/textarea><\/span><div class=\"qodef-cf-row\"><div class=\"qodef-cf-column\"><span class=\"wpcf7-form-control-wrap\" data-name=\"your-email\"><input size=\"40\" maxlength=\"400\" class=\"wpcf7-form-control wpcf7-email wpcf7-validates-as-required wpcf7-text wpcf7-validates-as-email\" aria-required=\"true\" aria-invalid=\"false\" placeholder=\"Your Email\" value=\"\" type=\"email\" name=\"your-email\" \/><\/span><span class=\"wpcf7-form-control-wrap\" data-name=\"your-name\"><input size=\"40\" maxlength=\"400\" class=\"wpcf7-form-control wpcf7-text wpcf7-validates-as-required\" aria-required=\"true\" aria-invalid=\"false\" placeholder=\"Your Name\" value=\"\" type=\"text\" name=\"your-name\" \/><\/span><span class=\"wpcf7-form-control-wrap\" data-name=\"your-name\"><input size=\"40\" maxlength=\"400\" class=\"wpcf7-form-control wpcf7-text wpcf7-validates-as-required\" aria-required=\"true\" aria-invalid=\"false\" placeholder=\"Website\" value=\"\" type=\"text\" name=\"your-name\" \/><\/span><\/div><\/div><button class=\"wpcf7-form-control wpcf7-submit qodef-button qodef-size--normal qodef-layout--filled qodef-m\" type=\"submit\"><span class=\"qodef-m-text\">Submit<\/span><\/button><\/div><p style=\"display: none !important;\" class=\"akismet-fields-container\" data-prefix=\"_wpcf7_ak_\"><label>&#916;<textarea name=\"_wpcf7_ak_hp_textarea\" cols=\"45\" rows=\"8\" maxlength=\"100\"><\/textarea><\/label><input type=\"hidden\" id=\"ak_js_1\" name=\"_wpcf7_ak_js\" value=\"98\"\/><script type=\"text\/javascript\">\n\/* <![CDATA[ *\/\ndocument.getElementById( \"ak_js_1\" ).setAttribute( \"value\", ( new Date() ).getTime() );\n\/* ]]> *\/\n<\/script>\n<\/p><div class=\"wpcf7-response-output\" aria-hidden=\"true\"><\/div>\n<\/form>\n<\/div>\n\t\t\t<\/div>\n\t\t\t\t\t\t\t<\/div>\n\t\t\t\t<\/div>\n\t\t\t\t\t<\/div>\n\t\t<\/div>\n\t\t\t\t<div class=\"elementor-column elementor-col-50 elementor-top-column elementor-element elementor-element-b14e061 qodef-custom-link-style\" data-id=\"b14e061\" data-element_type=\"column\" data-e-type=\"column\">\n\t\t\t<div class=\"elementor-widget-wrap elementor-element-populated\">\n\t\t\t\t\t\t<div class=\"elementor-element elementor-element-8b72bca elementor-widget elementor-widget-fonster_core_section_title\" data-id=\"8b72bca\" data-element_type=\"widget\" data-e-type=\"widget\" data-widget_type=\"fonster_core_section_title.default\">\n\t\t\t\t<div class=\"elementor-widget-container\">\n\t\t\t\t\t<div class=\"qodef-shortcode qodef-m  qodef-section-title qodef-alignment--left \">\n\t\t\t<h4 class=\"qodef-m-title\" >\n\t\t\t\t\tFeel free to contact us\t\t\t<\/h4>\n\t<\/div>\n\t\t\t\t<\/div>\n\t\t\t\t<\/div>\n\t\t\t\t<div class=\"elementor-element elementor-element-1271cae elementor-widget elementor-widget-text-editor\" data-id=\"1271cae\" data-element_type=\"widget\" data-e-type=\"widget\" data-widget_type=\"text-editor.default\">\n\t\t\t\t\t\t\t\t\t<p>Walk in hours: 09 &#8211; 06 Weekdays<\/p>\t\t\t\t\t\t\t\t<\/div>\n\t\t\t\t<div class=\"elementor-element elementor-element-fd1df8c elementor-widget elementor-widget-text-editor\" data-id=\"fd1df8c\" data-element_type=\"widget\" data-e-type=\"widget\" data-widget_type=\"text-editor.default\">\n\t\t\t\t\t\t\t\t\t<p>\u00c7ayyolu, Prof. Dr. Ahmet Taner K\u0131\u015flal\u0131 Mah, 2831. Cd. \u0130lko Sitesi D:51 | 1, 06810 \u00c7ankaya\/Ankara<\/p>\t\t\t\t\t\t\t\t<\/div>\n\t\t\t\t<div class=\"elementor-element elementor-element-f14e280 elementor-widget elementor-widget-text-editor\" data-id=\"f14e280\" data-element_type=\"widget\" data-e-type=\"widget\" data-widget_type=\"text-editor.default\">\n\t\t\t\t\t\t\t\t\t<p>info@manazinteriors.com<\/p>\t\t\t\t\t\t\t\t<\/div>\n\t\t\t\t<div class=\"elementor-element elementor-element-ff15df8 elementor-widget elementor-widget-text-editor\" data-id=\"ff15df8\" data-element_type=\"widget\" data-e-type=\"widget\" data-widget_type=\"text-editor.default\">\n\t\t\t\t\t\t\t\t\t<p>+90 541 801 65 16<\/p>\t\t\t\t\t\t\t\t<\/div>\n\t\t\t\t\t<\/div>\n\t\t<\/div>\n\t\t\t\t\t<\/div>\n\t\t<\/section>\n\t\t\t\t<\/div>\n\t\t","protected":false},"excerpt":{"rendered":"<p>WELCOME Get \u0131n touch &amp; let&#8217;s make someth\u0131ng awesome together send us a message Let&#039;s bring your vision to life\u2014reach out to us for a personalized consultation. Feel free to contact us Walk in hours: 09 &#8211; 06 Weekdays \u00c7ayyolu, Prof. Dr. Ahmet Taner K\u0131\u015flal\u0131 Mah, 2831. Cd. \u0130lko Sitesi D:51 | 1, 06810 \u00c7ankaya\/Ankara [&hellip;]<\/p>\n","protected":false},"author":1,"featured_media":0,"parent":0,"menu_order":0,"comment_status":"closed","ping_status":"closed","template":"page-full-width.php","meta":{"_coblocks_attr":"","_coblocks_dimensions":"","_coblocks_responsive_height":"","_coblocks_accordion_ie_support":"","footnotes":""},"class_list":["post-7293","page","type-page","status-publish","hentry"],"yoast_head":"<!-- This site is optimized with the Yoast SEO plugin v27.5 - https:\/\/yoast.com\/product\/yoast-seo-wordpress\/ -->\n<title>Contact us | Manaz Interiors<\/title>\n<meta name=\"robots\" content=\"noindex, follow\" \/>\n<meta property=\"og:locale\" content=\"tr_TR\" \/>\n<meta property=\"og:type\" content=\"article\" \/>\n<meta property=\"og:title\" content=\"Contact us | Manaz Interiors\" \/>\n<meta property=\"og:description\" content=\"WELCOME Get \u0131n touch &amp; let&#8217;s make someth\u0131ng awesome together send us a message Let&#039;s bring your vision to life\u2014reach out to us for a personalized consultation. Feel free to contact us Walk in hours: 09 &#8211; 06 Weekdays \u00c7ayyolu, Prof. Dr. Ahmet Taner K\u0131\u015flal\u0131 Mah, 2831. Cd. \u0130lko Sitesi D:51 | 1, 06810 \u00c7ankaya\/Ankara [&hellip;]\" \/>\n<meta property=\"og:url\" content=\"https:\/\/manazinteriors.com\/tr\/contact-us\/\" \/>\n<meta property=\"og:site_name\" content=\"Manaz Interiors\" \/>\n<meta property=\"article:modified_time\" content=\"2025-07-29T13:47:07+00:00\" \/>\n<meta property=\"og:image\" content=\"https:\/\/manazinteriors.com\/wp-content\/uploads\/2024\/08\/03-1-scaled.jpg\" \/>\n\t<meta property=\"og:image:width\" content=\"2560\" \/>\n\t<meta property=\"og:image:height\" content=\"1708\" \/>\n\t<meta property=\"og:image:type\" content=\"image\/jpeg\" \/>\n<meta name=\"twitter:card\" content=\"summary_large_image\" \/>\n<script type=\"application\/ld+json\" class=\"yoast-schema-graph\">{\"@context\":\"https:\\\/\\\/schema.org\",\"@graph\":[{\"@type\":\"WebPage\",\"@id\":\"https:\\\/\\\/manazinteriors.com\\\/contact-us\\\/\",\"url\":\"https:\\\/\\\/manazinteriors.com\\\/contact-us\\\/\",\"name\":\"Contact us | Manaz Interiors\",\"isPartOf\":{\"@id\":\"https:\\\/\\\/manazinteriors.com\\\/#website\"},\"datePublished\":\"2021-04-13T11:59:57+00:00\",\"dateModified\":\"2025-07-29T13:47:07+00:00\",\"breadcrumb\":{\"@id\":\"https:\\\/\\\/manazinteriors.com\\\/contact-us\\\/#breadcrumb\"},\"inLanguage\":\"tr\",\"potentialAction\":[{\"@type\":\"ReadAction\",\"target\":[\"https:\\\/\\\/manazinteriors.com\\\/contact-us\\\/\"]}]},{\"@type\":\"BreadcrumbList\",\"@id\":\"https:\\\/\\\/manazinteriors.com\\\/contact-us\\\/#breadcrumb\",\"itemListElement\":[{\"@type\":\"ListItem\",\"position\":1,\"name\":\"Anasayfa\",\"item\":\"https:\\\/\\\/manazinteriors.com\\\/\"},{\"@type\":\"ListItem\",\"position\":2,\"name\":\"Contact us\"}]},{\"@type\":\"WebSite\",\"@id\":\"https:\\\/\\\/manazinteriors.com\\\/#website\",\"url\":\"https:\\\/\\\/manazinteriors.com\\\/\",\"name\":\"Manaz Interiors\",\"description\":\"\",\"publisher\":{\"@id\":\"https:\\\/\\\/manazinteriors.com\\\/#organization\"},\"potentialAction\":[{\"@type\":\"SearchAction\",\"target\":{\"@type\":\"EntryPoint\",\"urlTemplate\":\"https:\\\/\\\/manazinteriors.com\\\/?s={search_term_string}\"},\"query-input\":{\"@type\":\"PropertyValueSpecification\",\"valueRequired\":true,\"valueName\":\"search_term_string\"}}],\"inLanguage\":\"tr\"},{\"@type\":\"Organization\",\"@id\":\"https:\\\/\\\/manazinteriors.com\\\/#organization\",\"name\":\"Manaz Interiors\",\"url\":\"https:\\\/\\\/manazinteriors.com\\\/\",\"logo\":{\"@type\":\"ImageObject\",\"inLanguage\":\"tr\",\"@id\":\"https:\\\/\\\/manazinteriors.com\\\/#\\\/schema\\\/logo\\\/image\\\/\",\"url\":\"https:\\\/\\\/manazinteriors.com\\\/wp-content\\\/uploads\\\/2024\\\/08\\\/logo_SVGDENEME-696x696-1.jpg\",\"contentUrl\":\"https:\\\/\\\/manazinteriors.com\\\/wp-content\\\/uploads\\\/2024\\\/08\\\/logo_SVGDENEME-696x696-1.jpg\",\"width\":612,\"height\":612,\"caption\":\"Manaz Interiors\"},\"image\":{\"@id\":\"https:\\\/\\\/manazinteriors.com\\\/#\\\/schema\\\/logo\\\/image\\\/\"},\"sameAs\":[\"https:\\\/\\\/www.instagram.com\\\/manazinteriors\\\/\",\"https:\\\/\\\/www.behance.net\\\/manazinteriors\",\"https:\\\/\\\/www.linkedin.com\\\/company\\\/manaz-interiors\\\/\"]}]}<\/script>\n<!-- \/ Yoast SEO plugin. -->","yoast_head_json":{"title":"Contact us | Manaz Interiors","robots":{"index":"noindex","follow":"follow"},"og_locale":"tr_TR","og_type":"article","og_title":"Contact us | Manaz Interiors","og_description":"WELCOME Get \u0131n touch &amp; let&#8217;s make someth\u0131ng awesome together send us a message Let&#039;s bring your vision to life\u2014reach out to us for a personalized consultation. Feel free to contact us Walk in hours: 09 &#8211; 06 Weekdays \u00c7ayyolu, Prof. Dr. Ahmet Taner K\u0131\u015flal\u0131 Mah, 2831. Cd. \u0130lko Sitesi D:51 | 1, 06810 \u00c7ankaya\/Ankara [&hellip;]","og_url":"https:\/\/manazinteriors.com\/tr\/contact-us\/","og_site_name":"Manaz Interiors","article_modified_time":"2025-07-29T13:47:07+00:00","og_image":[{"width":2560,"height":1708,"url":"https:\/\/manazinteriors.com\/wp-content\/uploads\/2024\/08\/03-1-scaled.jpg","type":"image\/jpeg"}],"twitter_card":"summary_large_image","schema":{"@context":"https:\/\/schema.org","@graph":[{"@type":"WebPage","@id":"https:\/\/manazinteriors.com\/contact-us\/","url":"https:\/\/manazinteriors.com\/contact-us\/","name":"Contact us | Manaz Interiors","isPartOf":{"@id":"https:\/\/manazinteriors.com\/#website"},"datePublished":"2021-04-13T11:59:57+00:00","dateModified":"2025-07-29T13:47:07+00:00","breadcrumb":{"@id":"https:\/\/manazinteriors.com\/contact-us\/#breadcrumb"},"inLanguage":"tr","potentialAction":[{"@type":"ReadAction","target":["https:\/\/manazinteriors.com\/contact-us\/"]}]},{"@type":"BreadcrumbList","@id":"https:\/\/manazinteriors.com\/contact-us\/#breadcrumb","itemListElement":[{"@type":"ListItem","position":1,"name":"Anasayfa","item":"https:\/\/manazinteriors.com\/"},{"@type":"ListItem","position":2,"name":"Contact us"}]},{"@type":"WebSite","@id":"https:\/\/manazinteriors.com\/#website","url":"https:\/\/manazinteriors.com\/","name":"Manaz Interiors","description":"","publisher":{"@id":"https:\/\/manazinteriors.com\/#organization"},"potentialAction":[{"@type":"SearchAction","target":{"@type":"EntryPoint","urlTemplate":"https:\/\/manazinteriors.com\/?s={search_term_string}"},"query-input":{"@type":"PropertyValueSpecification","valueRequired":true,"valueName":"search_term_string"}}],"inLanguage":"tr"},{"@type":"Organization","@id":"https:\/\/manazinteriors.com\/#organization","name":"Manaz Interiors","url":"https:\/\/manazinteriors.com\/","logo":{"@type":"ImageObject","inLanguage":"tr","@id":"https:\/\/manazinteriors.com\/#\/schema\/logo\/image\/","url":"https:\/\/manazinteriors.com\/wp-content\/uploads\/2024\/08\/logo_SVGDENEME-696x696-1.jpg","contentUrl":"https:\/\/manazinteriors.com\/wp-content\/uploads\/2024\/08\/logo_SVGDENEME-696x696-1.jpg","width":612,"height":612,"caption":"Manaz Interiors"},"image":{"@id":"https:\/\/manazinteriors.com\/#\/schema\/logo\/image\/"},"sameAs":["https:\/\/www.instagram.com\/manazinteriors\/","https:\/\/www.behance.net\/manazinteriors","https:\/\/www.linkedin.com\/company\/manaz-interiors\/"]}]}},"_links":{"self":[{"href":"https:\/\/manazinteriors.com\/tr\/wp-json\/wp\/v2\/pages\/7293","targetHints":{"allow":["GET"]}}],"collection":[{"href":"https:\/\/manazinteriors.com\/tr\/wp-json\/wp\/v2\/pages"}],"about":[{"href":"https:\/\/manazinteriors.com\/tr\/wp-json\/wp\/v2\/types\/page"}],"author":[{"embeddable":true,"href":"https:\/\/manazinteriors.com\/tr\/wp-json\/wp\/v2\/users\/1"}],"replies":[{"embeddable":true,"href":"https:\/\/manazinteriors.com\/tr\/wp-json\/wp\/v2\/comments?post=7293"}],"version-history":[{"count":13,"href":"https:\/\/manazinteriors.com\/tr\/wp-json\/wp\/v2\/pages\/7293\/revisions"}],"predecessor-version":[{"id":11535,"href":"https:\/\/manazinteriors.com\/tr\/wp-json\/wp\/v2\/pages\/7293\/revisions\/11535"}],"wp:attachment":[{"href":"https:\/\/manazinteriors.com\/tr\/wp-json\/wp\/v2\/media?parent=7293"}],"curies":[{"name":"wp","href":"https:\/\/api.w.org\/{rel}","templated":true}]}}